{"id":77,"date":"2023-11-10T09:57:58","date_gmt":"2023-11-10T08:57:58","guid":{"rendered":"https:\/\/www.cromastudio.org\/mepalitalia.it\/?post_type=product&#038;p=77"},"modified":"2024-05-27T12:14:36","modified_gmt":"2024-05-27T10:14:36","slug":"ghibli-s2","status":"publish","type":"product","link":"https:\/\/www.mepalitalia.it\/en\/product\/ghibli-s2\/","title":{"rendered":"Ghibli S2 &#8211; Saldatrice doppiatesta per profilati in PVC"},"content":{"rendered":"<p>La saldatrice per profili in PVC GHIBLI S2 \u00e8 una saldatrice a due teste con la capacit\u00e0 di saldare profili di altezza massima di 195 mm. La macchina \u00e8 dotata di cambio rapido delle controsagome, coltelli limitatori di cordolo regolabili tra 0,2 mm e 2 mm. La temperatura pu\u00f2 essere regolata tra 0\u00b0 e 350\u00b0 C attraverso un termostato elettronico.<\/p>","protected":false},"excerpt":{"rendered":"<p>La saldatrice per profili in PVC GHIBLI S2 \u00e8 una saldatrice a due teste con la capacit\u00e0 di saldare profili di altezza massima di 195 mm. La macchina \u00e8 dotata di cambio rapido delle controsagome, coltelli limitatori di cordolo regolabili tra 0,2 mm e 2 mm.<\/p>","protected":false},"featured_media":762,"template":"","meta":{"content-type":""},"product_brand":[],"product_cat":[19],"product_tag":[],"class_list":{"0":"post-77","1":"product","2":"type-product","3":"status-publish","4":"has-post-thumbnail","6":"product_cat-macchine-per-pvc","8":"first","9":"instock","10":"shipping-taxable","11":"product-type-simple"},"_links":{"self":[{"href":"https:\/\/www.mepalitalia.it\/en\/wp-json\/wp\/v2\/product\/77","targetHints":{"allow":["GET"]}}],"collection":[{"href":"https:\/\/www.mepalitalia.it\/en\/wp-json\/wp\/v2\/product"}],"about":[{"href":"https:\/\/www.mepalitalia.it\/en\/wp-json\/wp\/v2\/types\/product"}],"wp:featuredmedia":[{"embeddable":true,"href":"https:\/\/www.mepalitalia.it\/en\/wp-json\/wp\/v2\/media\/762"}],"wp:attachment":[{"href":"https:\/\/www.mepalitalia.it\/en\/wp-json\/wp\/v2\/media?parent=77"}],"wp:term":[{"taxonomy":"product_brand","embeddable":true,"href":"https:\/\/www.mepalitalia.it\/en\/wp-json\/wp\/v2\/product_brand?post=77"},{"taxonomy":"product_cat","embeddable":true,"href":"https:\/\/www.mepalitalia.it\/en\/wp-json\/wp\/v2\/product_cat?post=77"},{"taxonomy":"product_tag","embeddable":true,"href":"https:\/\/www.mepalitalia.it\/en\/wp-json\/wp\/v2\/product_tag?post=77"}],"curies":[{"name":"wp","href":"https:\/\/api.w.org\/{rel}","templated":true}]}}