{"id":55,"date":"2023-11-10T09:30:27","date_gmt":"2023-11-10T08:30:27","guid":{"rendered":"https:\/\/www.cromastudio.org\/mepalitalia.it\/?post_type=product&#038;p=55"},"modified":"2026-01-21T16:41:39","modified_gmt":"2026-01-21T15:41:39","slug":"atlantis-c3sr","status":"publish","type":"product","link":"https:\/\/www.mepalitalia.it\/en\/product\/atlantis-c3sr\/","title":{"rendered":"Atlantis C3SR &#8211; Centro di lavoro a controllo numerico con campo di lavoro di 3 metri"},"content":{"rendered":"<div>\n<h3><span style=\"font-size: 14.4px;\">Centro di lavoro per profili in alluminio, PVC, leghe leggere ed acciaio con 3 o 4 assi controllati.<\/span><\/h3>\n<p>Il centro di lavoro Atlantis C3SR \u00e8 una fresatrice verticale a controllo numerico per profili in Alluminio, PVC ed acciaio con la capacit\u00e0 di lavorare i pezzi su 3 facce. C3SR ha la rotazione della trave pneumatica: +90\u00b0\/0\u00b0\/90\u00b0, gli angoli intermedi si ottengono con battute meccaniche; come opzione \u00e8 possibile richiedere la rotazione della trave controllata da CNC da -90\u00b0 a +90\u00b0. Il numero di giri del mandrino \u00e8 regolabile da 2800 a 18000 RPM attraverso inverter. Interpolazione a controllo numerico degli assi X e Y. I movimenti degli assi X, Y e Z sono realizzati attraverso motori digitali brushless. La macchina \u00e8 completa di 4 morse pneumatiche a doppio effetto per il bloccaggio del pezzo e su richiesta un cambio utensili automatico e battute di riscontro pneumatiche. La correzione del diametro dell\u2019utensile \u00e8 compensata via software. La macchina pu\u00f2 essere equipaggiata su richiesta con una protezione frontale o una cabina completa. \u00c8 possibile richiedere lo spostamento automatico delle morse per evitarne errori di posizionamento. Il cambio utensili automatico pu\u00f2 ospitare 6 utensili. Un carter fisso protegge gli utensili dal truciolo prodotto durante il processo di lavorazione.<\/p>\n<\/div>","protected":false},"excerpt":{"rendered":"<h3><span style=\"font-size: 14.4px;\">Centro di lavoro per profili in alluminio, PVC, leghe leggere ed acciaio con 3 o 4 assi controllati.<\/span><\/h3>\n<p>Il centro di lavoro Atlantis C3SR \u00e8 una fresatrice verticale a controllo numerico per profili in Alluminio, PVC ed acciaio con la capacit\u00e0 di lavorare i pezzi su 3 facce.<\/p>","protected":false},"featured_media":1555,"template":"","meta":{"content-type":""},"product_brand":[],"product_cat":[18],"product_tag":[],"class_list":{"0":"post-55","1":"product","2":"type-product","3":"status-publish","4":"has-post-thumbnail","6":"product_cat-centri-di-lavoro","8":"first","9":"instock","10":"shipping-taxable","11":"product-type-simple"},"_links":{"self":[{"href":"https:\/\/www.mepalitalia.it\/en\/wp-json\/wp\/v2\/product\/55","targetHints":{"allow":["GET"]}}],"collection":[{"href":"https:\/\/www.mepalitalia.it\/en\/wp-json\/wp\/v2\/product"}],"about":[{"href":"https:\/\/www.mepalitalia.it\/en\/wp-json\/wp\/v2\/types\/product"}],"wp:featuredmedia":[{"embeddable":true,"href":"https:\/\/www.mepalitalia.it\/en\/wp-json\/wp\/v2\/media\/1555"}],"wp:attachment":[{"href":"https:\/\/www.mepalitalia.it\/en\/wp-json\/wp\/v2\/media?parent=55"}],"wp:term":[{"taxonomy":"product_brand","embeddable":true,"href":"https:\/\/www.mepalitalia.it\/en\/wp-json\/wp\/v2\/product_brand?post=55"},{"taxonomy":"product_cat","embeddable":true,"href":"https:\/\/www.mepalitalia.it\/en\/wp-json\/wp\/v2\/product_cat?post=55"},{"taxonomy":"product_tag","embeddable":true,"href":"https:\/\/www.mepalitalia.it\/en\/wp-json\/wp\/v2\/product_tag?post=55"}],"curies":[{"name":"wp","href":"https:\/\/api.w.org\/{rel}","templated":true}]}}