{"id":49,"date":"2023-11-09T16:44:30","date_gmt":"2023-11-09T15:44:30","guid":{"rendered":"https:\/\/www.cromastudio.org\/mepalitalia.it\/?post_type=product&#038;p=49"},"modified":"2026-01-21T16:35:33","modified_gmt":"2026-01-21T15:35:33","slug":"atlantis-c4s","status":"publish","type":"product","link":"https:\/\/www.mepalitalia.it\/en\/product\/atlantis-c4s\/","title":{"rendered":"Atlantis C4 PRO &#8211; Centro di lavoro a controllo numerico con campo di lavoro di 4 metri"},"content":{"rendered":"<div>\n<div>Centro di lavoro per profili in alluminio, PVC, leghe leggere ed acciaio con 3 o 4 assi controllati.<\/div>\n<div>Il centro di lavoro Atlantis C4 PRO \u00e8 una fresatrice verticale a controllo numerico per profili in Alluminio, PVC ed acciaio con la capacit\u00e0 di lavorare i pezzi su 3 facce.<br \/>\nC4 PRO ha la rotazione della trave pneumatica: +90\u00b0\/0\u00b0\/90\u00b0, gli angoli intermedi si ottengono con battute meccaniche; C4 PRO 4 assi ha la rotazione della trave controllata da CNC da -90\u00b0 a +90\u00b0. Il numero di giri del mandrino \u00e8 regolabile fino a 18000 RPM attraverso inverter. Interpolazione a controllo numerico degli assi X e Y. I movimenti degli assi X, Y e Z sono realizzati attraverso motori digitali brushless. La macchina \u00e8 completa di 6 morse pneumatiche a doppio effetto per il bloccaggio del pezzo e su richiesta un cambio utensili automatico e battute di riscontro pneumatiche. La correzione del diametro dell\u2019utensile \u00e8 compensata via software. La macchina pu\u00f2 essere equipaggiata su richiesta con una protezione frontale o una cabina completa. \u00c8 possibile richiedere lo spostamento automatico delle morse per evitarne errori di posizionamento.<br \/>\nIl cambio utensili automatico pu\u00f2 ospitare 11 utensili, 1 dei quali pu\u00f2 essere una fresa a disco (max d.160 mm)<\/div>\n<\/div>","protected":false},"excerpt":{"rendered":"<div>Centro di lavoro per finestre Alluminio PVC, profili, leghe leggere ed acciaio con 3 o 4 assi controllati.<\/div>\n<div>Il centro di lavoro Atlantis C4 \u00e8 una fresatrice verticale a controllo numerico per profili in Alluminio, PVC ed acciaio con la capacit\u00e0 di lavorare i pezzi su 3 facce.<\/div>","protected":false},"featured_media":1554,"template":"","meta":{"content-type":""},"product_brand":[],"product_cat":[18],"product_tag":[],"class_list":{"0":"post-49","1":"product","2":"type-product","3":"status-publish","4":"has-post-thumbnail","6":"product_cat-centri-di-lavoro","8":"first","9":"instock","10":"shipping-taxable","11":"product-type-simple"},"_links":{"self":[{"href":"https:\/\/www.mepalitalia.it\/en\/wp-json\/wp\/v2\/product\/49","targetHints":{"allow":["GET"]}}],"collection":[{"href":"https:\/\/www.mepalitalia.it\/en\/wp-json\/wp\/v2\/product"}],"about":[{"href":"https:\/\/www.mepalitalia.it\/en\/wp-json\/wp\/v2\/types\/product"}],"wp:featuredmedia":[{"embeddable":true,"href":"https:\/\/www.mepalitalia.it\/en\/wp-json\/wp\/v2\/media\/1554"}],"wp:attachment":[{"href":"https:\/\/www.mepalitalia.it\/en\/wp-json\/wp\/v2\/media?parent=49"}],"wp:term":[{"taxonomy":"product_brand","embeddable":true,"href":"https:\/\/www.mepalitalia.it\/en\/wp-json\/wp\/v2\/product_brand?post=49"},{"taxonomy":"product_cat","embeddable":true,"href":"https:\/\/www.mepalitalia.it\/en\/wp-json\/wp\/v2\/product_cat?post=49"},{"taxonomy":"product_tag","embeddable":true,"href":"https:\/\/www.mepalitalia.it\/en\/wp-json\/wp\/v2\/product_tag?post=49"}],"curies":[{"name":"wp","href":"https:\/\/api.w.org\/{rel}","templated":true}]}}