{"id":274,"date":"2023-11-21T18:27:48","date_gmt":"2023-11-21T17:27:48","guid":{"rendered":"https:\/\/www.cromastudio.org\/mepalitalia.it\/?post_type=product&#038;p=274"},"modified":"2024-07-27T11:59:56","modified_gmt":"2024-07-27T09:59:56","slug":"tripla-fresatrice-automatica","status":"publish","type":"product","link":"https:\/\/www.mepalitalia.it\/en\/product\/tripla-fresatrice-automatica\/","title":{"rendered":"TRIPLA &#8211; Fresatrice automatica."},"content":{"rendered":"<p>La fresatrice TRIPLA MAX realizza asole per scarico condensa su profili in PVC con 4 unit\u00e0 di fresatura indipendenti con avanzamento pneumatico su guide a ricircolo di sfere.<br \/>\nLe unit\u00e0 di fresatura sono dotate di regolazione attraverso 6 battute per la corsa e 6 batture per il posizionamento della testa. L\u2019inclinazione delle unit\u00e0 \u00e8 regolabile attraverso die goniometri. La fresatura \u00e8 effettuata attraverso 4 motori ad alta frequenza da 0,55 kW; morse pneumatiche regolabili assicurano il bloccaggi odi pezzi anche di grandi dimensioni.<\/p>","protected":false},"excerpt":{"rendered":"<p>La fresatrice TRIPLA MAX realizza asole per scarico condensa su profili in PVC con 4 unit\u00e0 di fresatura indipendenti con avanzamento pneumatico su guide a ricircolo di sfere.<\/p>","protected":false},"featured_media":751,"template":"","meta":{"content-type":""},"product_brand":[],"product_cat":[19],"product_tag":[],"class_list":{"0":"post-274","1":"product","2":"type-product","3":"status-publish","4":"has-post-thumbnail","6":"product_cat-macchine-per-pvc","8":"first","9":"instock","10":"shipping-taxable","11":"product-type-simple"},"_links":{"self":[{"href":"https:\/\/www.mepalitalia.it\/en\/wp-json\/wp\/v2\/product\/274","targetHints":{"allow":["GET"]}}],"collection":[{"href":"https:\/\/www.mepalitalia.it\/en\/wp-json\/wp\/v2\/product"}],"about":[{"href":"https:\/\/www.mepalitalia.it\/en\/wp-json\/wp\/v2\/types\/product"}],"wp:featuredmedia":[{"embeddable":true,"href":"https:\/\/www.mepalitalia.it\/en\/wp-json\/wp\/v2\/media\/751"}],"wp:attachment":[{"href":"https:\/\/www.mepalitalia.it\/en\/wp-json\/wp\/v2\/media?parent=274"}],"wp:term":[{"taxonomy":"product_brand","embeddable":true,"href":"https:\/\/www.mepalitalia.it\/en\/wp-json\/wp\/v2\/product_brand?post=274"},{"taxonomy":"product_cat","embeddable":true,"href":"https:\/\/www.mepalitalia.it\/en\/wp-json\/wp\/v2\/product_cat?post=274"},{"taxonomy":"product_tag","embeddable":true,"href":"https:\/\/www.mepalitalia.it\/en\/wp-json\/wp\/v2\/product_tag?post=274"}],"curies":[{"name":"wp","href":"https:\/\/api.w.org\/{rel}","templated":true}]}}