{"id":249,"date":"2023-11-21T15:45:51","date_gmt":"2023-11-21T14:45:51","guid":{"rendered":"https:\/\/www.cromastudio.org\/mepalitalia.it\/?post_type=product&#038;p=249"},"modified":"2024-05-27T18:07:20","modified_gmt":"2024-05-27T16:07:20","slug":"auster-s2-linea-di-saldatura-e-pulitura-con-saldatrice-2-teste","status":"publish","type":"product","link":"https:\/\/www.mepalitalia.it\/en\/product\/auster-s2-linea-di-saldatura-e-pulitura-con-saldatrice-2-teste\/","title":{"rendered":"AUSTER S2 &#8211; Linea di saldatura e pulitura con saldatrice 2 teste"},"content":{"rendered":"<p>Linea di saldatura (saldatrice a 2 teste) e pulitura per profili in PVC con banco di raffreddamento, girapezzi\u00a0 ed espulsore.<\/p>\n<p>La linea di saldatura e pulitura per finestre in PVC AUSTER \u00e8 composta da 5 parti principali ed a seconda della saldatrice installata nella linea pu\u00f2 gestire telai di varie dimensioni, in modalit\u00e0 completamente automatizzata<\/p>","protected":false},"excerpt":{"rendered":"<p>Linea di saldatura (saldatrice a 2 teste) e pulitura per profili in PVC con banco di raffreddamento, girapezzi\u00a0 ed espulsore.<\/p>\n<p>La linea di saldatura e pulitura per finestre in PVC AUSTER \u00e8 composta da 5 parti principali ed a seconda della saldatrice installata nella linea pu\u00f2 gestire telai di varie dimensioni, in modalit\u00e0 completamente automatizzata<\/p>","protected":false},"featured_media":803,"template":"","meta":{"content-type":""},"product_brand":[],"product_cat":[17],"product_tag":[],"class_list":{"0":"post-249","1":"product","2":"type-product","3":"status-publish","4":"has-post-thumbnail","6":"product_cat-linee-automatiche","8":"first","9":"instock","10":"shipping-taxable","11":"product-type-simple"},"_links":{"self":[{"href":"https:\/\/www.mepalitalia.it\/en\/wp-json\/wp\/v2\/product\/249","targetHints":{"allow":["GET"]}}],"collection":[{"href":"https:\/\/www.mepalitalia.it\/en\/wp-json\/wp\/v2\/product"}],"about":[{"href":"https:\/\/www.mepalitalia.it\/en\/wp-json\/wp\/v2\/types\/product"}],"wp:featuredmedia":[{"embeddable":true,"href":"https:\/\/www.mepalitalia.it\/en\/wp-json\/wp\/v2\/media\/803"}],"wp:attachment":[{"href":"https:\/\/www.mepalitalia.it\/en\/wp-json\/wp\/v2\/media?parent=249"}],"wp:term":[{"taxonomy":"product_brand","embeddable":true,"href":"https:\/\/www.mepalitalia.it\/en\/wp-json\/wp\/v2\/product_brand?post=249"},{"taxonomy":"product_cat","embeddable":true,"href":"https:\/\/www.mepalitalia.it\/en\/wp-json\/wp\/v2\/product_cat?post=249"},{"taxonomy":"product_tag","embeddable":true,"href":"https:\/\/www.mepalitalia.it\/en\/wp-json\/wp\/v2\/product_tag?post=249"}],"curies":[{"name":"wp","href":"https:\/\/api.w.org\/{rel}","templated":true}]}}