{"id":1580,"date":"2026-04-23T17:13:18","date_gmt":"2026-04-23T15:13:18","guid":{"rendered":"https:\/\/www.mepalitalia.it\/?post_type=product&#038;p=1580"},"modified":"2026-04-27T11:19:39","modified_gmt":"2026-04-27T09:19:39","slug":"m407-centro-di-lavoro-4-assi-a-controllo-numerico-con-campo-di-lavoro-di-7-metri","status":"publish","type":"product","link":"https:\/\/www.mepalitalia.it\/en\/product\/m407-centro-di-lavoro-4-assi-a-controllo-numerico-con-campo-di-lavoro-di-7-metri\/","title":{"rendered":"M407 &#8211; Centro di lavoro 4 assi a controllo numerico con campo di lavoro di 7 metri"},"content":{"rendered":"<div>\n<div>Centro di lavoro per profili in alluminio, PVC, leghe leggere ed acciaio con 4 assi controllati.<\/div>\n<div>Il centro di lavoro M407 \u00e8 una fresatrice verticale a controllo numerico per profili in Alluminio, PVC ed acciaio con la capacit\u00e0 di lavorare i pezzi su 180\u00b0 o 3 facce.<br \/>\nM407 ha la rotazione della testa servo-controllata da +90\u00b0 a -90\u00b0, gli angoli intermedi si ottengono impostandoli da software. Il numero di giri del mandrino \u00e8 regolabile fino a 20000 RPM attraverso inverter. Interpolazione a controllo numerico degli assi X, Y e Z. I movimenti degli assi X, Y e Z sono realizzati attraverso motori digitali brushless. La macchina \u00e8 completa di 8 morse pneumatiche a doppio effetto per il bloccaggio del pezzo, un cambio utensili automatico a 8 posizioni e battute di riscontro pneumatiche. La correzione del diametro dell\u2019utensile \u00e8 compensata via software. La macchina \u00e8 equipaggiata con una cabina completa. \u00c8 incluso lo spostamento automatico delle morse per evitarne errori di posizionamento.<br \/>\nIl cambio utensili automatico pu\u00f2 ospitare 8 utensili, 1 dei quali pu\u00f2 essere una fresa a disco (max d.200 mm)<\/div>\n<\/div>","protected":false},"excerpt":{"rendered":"<div>Centro di lavoro per profili in alluminio, PVC, leghe leggere ed acciaio con 4 assi controllati.<\/div>\n<div>Il centro di lavoro M407 \u00e8 una fresatrice verticale a controllo numerico per profili in Alluminio, PVC ed acciaio con la capacit\u00e0 di lavorare i pezzi su 3 facce.<\/div>","protected":false},"featured_media":1584,"template":"","meta":{"content-type":""},"product_brand":[],"product_cat":[18],"product_tag":[],"class_list":{"0":"post-1580","1":"product","2":"type-product","3":"status-publish","4":"has-post-thumbnail","6":"product_cat-centri-di-lavoro","8":"first","9":"instock","10":"shipping-taxable","11":"product-type-simple"},"_links":{"self":[{"href":"https:\/\/www.mepalitalia.it\/en\/wp-json\/wp\/v2\/product\/1580","targetHints":{"allow":["GET"]}}],"collection":[{"href":"https:\/\/www.mepalitalia.it\/en\/wp-json\/wp\/v2\/product"}],"about":[{"href":"https:\/\/www.mepalitalia.it\/en\/wp-json\/wp\/v2\/types\/product"}],"wp:featuredmedia":[{"embeddable":true,"href":"https:\/\/www.mepalitalia.it\/en\/wp-json\/wp\/v2\/media\/1584"}],"wp:attachment":[{"href":"https:\/\/www.mepalitalia.it\/en\/wp-json\/wp\/v2\/media?parent=1580"}],"wp:term":[{"taxonomy":"product_brand","embeddable":true,"href":"https:\/\/www.mepalitalia.it\/en\/wp-json\/wp\/v2\/product_brand?post=1580"},{"taxonomy":"product_cat","embeddable":true,"href":"https:\/\/www.mepalitalia.it\/en\/wp-json\/wp\/v2\/product_cat?post=1580"},{"taxonomy":"product_tag","embeddable":true,"href":"https:\/\/www.mepalitalia.it\/en\/wp-json\/wp\/v2\/product_tag?post=1580"}],"curies":[{"name":"wp","href":"https:\/\/api.w.org\/{rel}","templated":true}]}}