{"id":149,"date":"2023-11-11T10:11:18","date_gmt":"2023-11-11T09:11:18","guid":{"rendered":"https:\/\/www.cromastudio.org\/mepalitalia.it\/?post_type=product&#038;p=149"},"modified":"2024-05-24T22:42:04","modified_gmt":"2024-05-24T20:42:04","slug":"fast500-600-troncatrice-monotesta-frontale","status":"publish","type":"product","link":"https:\/\/www.mepalitalia.it\/en\/product\/fast500-600-troncatrice-monotesta-frontale\/","title":{"rendered":"FAST500\/600 &#8211; Troncatrice monotesta frontale."},"content":{"rendered":"<p>La troncatrice monotesta FAST600 \u00e8 progettata per tagliare profili in alluminio e PVC in modo veloce e preciso. Gli angoli possono essere velocemente impostati da 22.5\u00b0 a 90\u00b0 ed a 135\u00b0 tramite comando pneumatico. La velocit\u00e0 di avanzamento della lama pu\u00f2 essere modificata in base alla tipologia di pezzi da tagliare. Questo modello \u00e8 equipaggiato con una lama da 600 mm, un carter di protezione della zona di taglio e morse pneumatiche. L\u2019apertura\/chiusura del carter di protezione \u00e8 comandata pneumaticamente.<\/p>","protected":false},"excerpt":{"rendered":"<p>Lama d.500 o 600 mm per il taglio di profilati ed estrusi in alluminio, PVC e<br \/>\nleghe leggere di grandi dimensioni.<\/p>","protected":false},"featured_media":152,"template":"","meta":{"content-type":""},"product_brand":[],"product_cat":[21],"product_tag":[],"class_list":{"0":"post-149","1":"product","2":"type-product","3":"status-publish","4":"has-post-thumbnail","6":"product_cat-troncatrici-monotesta","8":"first","9":"instock","10":"shipping-taxable","11":"product-type-simple"},"_links":{"self":[{"href":"https:\/\/www.mepalitalia.it\/en\/wp-json\/wp\/v2\/product\/149","targetHints":{"allow":["GET"]}}],"collection":[{"href":"https:\/\/www.mepalitalia.it\/en\/wp-json\/wp\/v2\/product"}],"about":[{"href":"https:\/\/www.mepalitalia.it\/en\/wp-json\/wp\/v2\/types\/product"}],"wp:featuredmedia":[{"embeddable":true,"href":"https:\/\/www.mepalitalia.it\/en\/wp-json\/wp\/v2\/media\/152"}],"wp:attachment":[{"href":"https:\/\/www.mepalitalia.it\/en\/wp-json\/wp\/v2\/media?parent=149"}],"wp:term":[{"taxonomy":"product_brand","embeddable":true,"href":"https:\/\/www.mepalitalia.it\/en\/wp-json\/wp\/v2\/product_brand?post=149"},{"taxonomy":"product_cat","embeddable":true,"href":"https:\/\/www.mepalitalia.it\/en\/wp-json\/wp\/v2\/product_cat?post=149"},{"taxonomy":"product_tag","embeddable":true,"href":"https:\/\/www.mepalitalia.it\/en\/wp-json\/wp\/v2\/product_tag?post=149"}],"curies":[{"name":"wp","href":"https:\/\/api.w.org\/{rel}","templated":true}]}}