{"id":143,"date":"2023-11-11T10:06:32","date_gmt":"2023-11-11T09:06:32","guid":{"rendered":"https:\/\/www.cromastudio.org\/mepalitalia.it\/?post_type=product&#038;p=143"},"modified":"2024-05-24T22:42:04","modified_gmt":"2024-05-24T20:42:04","slug":"nemo-pantografo-manuale-portatile","status":"publish","type":"product","link":"https:\/\/www.mepalitalia.it\/en\/product\/nemo-pantografo-manuale-portatile\/","title":{"rendered":"NEMO &#8211; Pantografo manuale portatile"},"content":{"rendered":"<p>Il pantografo portatile NEMO \u00e8 lo strumento ideale per lavorazioni su profili in alluminio o PVC. Con le sue caratteristiche tecniche ed ingegneristiche \u00e8 capace di realizzare tutti i tipi di fresature (asole, serrature, cremonesi) con precisione e velocit\u00e0. Questo dispositivo portatile pu\u00f2 eseguire lavorazioni con standard paragonabili a quelli di macchine pi\u00f9 grandi.<\/p>","protected":false},"excerpt":{"rendered":"<p>Pantografo manuale portatile per alluminio, PVC.<\/p>","protected":false},"featured_media":146,"template":"","meta":{"content-type":""},"product_brand":[],"product_cat":[22],"product_tag":[],"class_list":{"0":"post-143","1":"product","2":"type-product","3":"status-publish","4":"has-post-thumbnail","6":"product_cat-pantografi","8":"first","9":"instock","10":"shipping-taxable","11":"product-type-simple"},"_links":{"self":[{"href":"https:\/\/www.mepalitalia.it\/en\/wp-json\/wp\/v2\/product\/143","targetHints":{"allow":["GET"]}}],"collection":[{"href":"https:\/\/www.mepalitalia.it\/en\/wp-json\/wp\/v2\/product"}],"about":[{"href":"https:\/\/www.mepalitalia.it\/en\/wp-json\/wp\/v2\/types\/product"}],"wp:featuredmedia":[{"embeddable":true,"href":"https:\/\/www.mepalitalia.it\/en\/wp-json\/wp\/v2\/media\/146"}],"wp:attachment":[{"href":"https:\/\/www.mepalitalia.it\/en\/wp-json\/wp\/v2\/media?parent=143"}],"wp:term":[{"taxonomy":"product_brand","embeddable":true,"href":"https:\/\/www.mepalitalia.it\/en\/wp-json\/wp\/v2\/product_brand?post=143"},{"taxonomy":"product_cat","embeddable":true,"href":"https:\/\/www.mepalitalia.it\/en\/wp-json\/wp\/v2\/product_cat?post=143"},{"taxonomy":"product_tag","embeddable":true,"href":"https:\/\/www.mepalitalia.it\/en\/wp-json\/wp\/v2\/product_tag?post=143"}],"curies":[{"name":"wp","href":"https:\/\/api.w.org\/{rel}","templated":true}]}}