{"id":137,"date":"2023-11-11T10:02:28","date_gmt":"2023-11-11T09:02:28","guid":{"rendered":"https:\/\/www.cromastudio.org\/mepalitalia.it\/?post_type=product&#038;p=137"},"modified":"2024-05-27T12:15:03","modified_gmt":"2024-05-27T10:15:03","slug":"master-3p-pantografo-manuale","status":"publish","type":"product","link":"https:\/\/www.mepalitalia.it\/en\/product\/master-3p-pantografo-manuale\/","title":{"rendered":"MASTER 3P &#8211; Pantografo manuale"},"content":{"rendered":"<p>Il pantografo MASTER 3P con un\u2019unit\u00e0 di foratura orizzontale a 3 punte \u00e8 lo strumento ideale per lavorazioni su profili in alluminio o PVC. La macchina \u00e8 disponibile con avanzamento manuale MASTER 3P M o oleopneumatico MASTER 3P A.<\/p>","protected":false},"excerpt":{"rendered":"<p>Pantografo con unit\u00e0 3 punte manuale o automatica per alluminio e PVC.<\/p>","protected":false},"featured_media":770,"template":"","meta":{"content-type":""},"product_brand":[],"product_cat":[22],"product_tag":[],"class_list":{"0":"post-137","1":"product","2":"type-product","3":"status-publish","4":"has-post-thumbnail","6":"product_cat-pantografi","8":"first","9":"instock","10":"shipping-taxable","11":"product-type-simple"},"_links":{"self":[{"href":"https:\/\/www.mepalitalia.it\/en\/wp-json\/wp\/v2\/product\/137","targetHints":{"allow":["GET"]}}],"collection":[{"href":"https:\/\/www.mepalitalia.it\/en\/wp-json\/wp\/v2\/product"}],"about":[{"href":"https:\/\/www.mepalitalia.it\/en\/wp-json\/wp\/v2\/types\/product"}],"wp:featuredmedia":[{"embeddable":true,"href":"https:\/\/www.mepalitalia.it\/en\/wp-json\/wp\/v2\/media\/770"}],"wp:attachment":[{"href":"https:\/\/www.mepalitalia.it\/en\/wp-json\/wp\/v2\/media?parent=137"}],"wp:term":[{"taxonomy":"product_brand","embeddable":true,"href":"https:\/\/www.mepalitalia.it\/en\/wp-json\/wp\/v2\/product_brand?post=137"},{"taxonomy":"product_cat","embeddable":true,"href":"https:\/\/www.mepalitalia.it\/en\/wp-json\/wp\/v2\/product_cat?post=137"},{"taxonomy":"product_tag","embeddable":true,"href":"https:\/\/www.mepalitalia.it\/en\/wp-json\/wp\/v2\/product_tag?post=137"}],"curies":[{"name":"wp","href":"https:\/\/api.w.org\/{rel}","templated":true}]}}