{"id":123,"date":"2023-11-10T11:37:53","date_gmt":"2023-11-10T10:37:53","guid":{"rendered":"https:\/\/www.cromastudio.org\/mepalitalia.it\/?post_type=product&#038;p=123"},"modified":"2024-05-27T12:14:54","modified_gmt":"2024-05-27T10:14:54","slug":"ego3000-pantografo-manuale","status":"publish","type":"product","link":"https:\/\/www.mepalitalia.it\/en\/product\/ego3000-pantografo-manuale\/","title":{"rendered":"EGO3000 &#8211; Pantografo manuale"},"content":{"rendered":"<p>L\u2019EGO 3000 \u00e8 un pantografo manuale con morse pneumatiche, lubrificazione nebulizzata e tastatori pneumatici. La macchina \u00e8 equipaggiata con trave rotante pneumatica a tre posizioni -90\u00b0\/ 0\u00b0\/ + 90\u00b0 con goniometro per regolare gli angoli intermedi. \u00c8 anche dotata di un mandrino a velocit\u00e0 variabile e regolabile tramite inverter e potenziometro (da 2800 a 12000 RPM) con motore trifase da 1,1 kW. Le capacit\u00e0 di lavorazione a 0\u00b0 sono 3000x250x200 mm. A queste caratteristiche si aggiungono anche 3 tastatori pneumatici, 4 morse pneumatiche ed il movimento dell\u2019asse X che avviene su guide lineari. La macchina \u00e8 in particolar modo adatta per le lavorazioni su alluminio, PVC, ferro ed acciaio.<\/p>","protected":false},"excerpt":{"rendered":"<p>Pantografo 3 metri con piano rotante +90\u00b0\/0\u00b0\/-90\u00b0 per alluminio, PVC ed acciaio.<\/p>","protected":false},"featured_media":766,"template":"","meta":{"content-type":""},"product_brand":[],"product_cat":[22],"product_tag":[],"class_list":{"0":"post-123","1":"product","2":"type-product","3":"status-publish","4":"has-post-thumbnail","6":"product_cat-pantografi","8":"first","9":"instock","10":"shipping-taxable","11":"product-type-simple"},"_links":{"self":[{"href":"https:\/\/www.mepalitalia.it\/en\/wp-json\/wp\/v2\/product\/123","targetHints":{"allow":["GET"]}}],"collection":[{"href":"https:\/\/www.mepalitalia.it\/en\/wp-json\/wp\/v2\/product"}],"about":[{"href":"https:\/\/www.mepalitalia.it\/en\/wp-json\/wp\/v2\/types\/product"}],"wp:featuredmedia":[{"embeddable":true,"href":"https:\/\/www.mepalitalia.it\/en\/wp-json\/wp\/v2\/media\/766"}],"wp:attachment":[{"href":"https:\/\/www.mepalitalia.it\/en\/wp-json\/wp\/v2\/media?parent=123"}],"wp:term":[{"taxonomy":"product_brand","embeddable":true,"href":"https:\/\/www.mepalitalia.it\/en\/wp-json\/wp\/v2\/product_brand?post=123"},{"taxonomy":"product_cat","embeddable":true,"href":"https:\/\/www.mepalitalia.it\/en\/wp-json\/wp\/v2\/product_cat?post=123"},{"taxonomy":"product_tag","embeddable":true,"href":"https:\/\/www.mepalitalia.it\/en\/wp-json\/wp\/v2\/product_tag?post=123"}],"curies":[{"name":"wp","href":"https:\/\/api.w.org\/{rel}","templated":true}]}}