{"id":707,"date":"2023-12-19T11:50:05","date_gmt":"2023-12-19T10:50:05","guid":{"rendered":"https:\/\/www.cromastudio.org\/mepalitalia.it?page_id=707"},"modified":"2024-02-02T13:05:12","modified_gmt":"2024-02-02T12:05:12","slug":"assistenza-tecnica","status":"publish","type":"page","link":"https:\/\/www.mepalitalia.it\/en\/assistenza-tecnica\/","title":{"rendered":"Assistenza tecnica"},"content":{"rendered":"<section class=\"section dark has-parallax\" id=\"section_518758285\">\n\t\t<div class=\"bg section-bg fill bg-fill bg-loaded\" data-parallax-container=\".section\" data-parallax-background data-parallax=\"-7\">\n\n\t\t\t\n\t\t\t<div class=\"section-bg-overlay absolute fill\"><\/div>\n\t\t\t\n\n\t\t<\/div>\n\n\t\t\n\n\t\t<div class=\"section-content relative\">\n\t\t\t\n\t<div id=\"gap-408514852\" class=\"gap-element clearfix\" style=\"display:block; height:auto;\">\n\t\t\n<style>\n#gap-408514852 {\n  padding-top: 30px;\n}\n<\/style>\n\t<\/div>\n\t\n<div class=\"row align-center\"  id=\"row-393032418\">\n\n\t<div id=\"col-47287966\" class=\"col medium-10 small-12 large-9\"  >\n\t\t\t\t<div class=\"col-inner text-center\"  >\n\t\t\t\n\t\t\t\n<h1><span style=\"font-size: 200%;\">Assistenza Tecnica<\/span><\/h1>\n<p class=\"lead\"><strong>La Nostra Forza \u00e8 la Rapidit\u00e0 d&#8217;Intervento e l&#8217;Esperienza Proverbiale<\/strong><\/p>\n\t\t<\/div>\n\t\t\t\t\t<\/div>\n\n\t\n<\/div>\n\t\t<\/div>\n\n\t\t\n<style>\n#section_518758285 {\n  padding-top: 30px;\n  padding-bottom: 30px;\n  min-height: 500px;\n}\n#section_518758285 .section-bg-overlay {\n  background-color: rgba(0, 0, 0, 0.15);\n}\n#section_518758285 .section-bg.bg-loaded {\n  background-image: url(https:\/\/www.mepalitalia.it\/wp-content\/uploads\/2023\/12\/Phantomatic-T-4-02-1920w.webp);\n}\n#section_518758285 .section-bg {\n  background-position: 37% 44%;\n}\n@media (min-width:550px) {\n  #section_518758285 {\n    min-height: 600px;\n  }\n  #section_518758285 .section-bg-overlay {\n    background-color: rgba(0, 0, 0, 0.09);\n  }\n}\n@media (min-width:850px) {\n  #section_518758285 .section-bg-overlay {\n    background-color: rgba(0, 0, 0, 0.424);\n  }\n}\n<\/style>\n\t<\/section>\n\t\n\t<section class=\"section\" id=\"section_247576424\">\n\t\t<div class=\"bg section-bg fill bg-fill bg-loaded bg-loaded\" >\n\n\t\t\t\n\t\t\t\n\t\t\t\n\n\t\t<\/div>\n\n\t\t\n\n\t\t<div class=\"section-content relative\">\n\t\t\t\n\t<div id=\"gap-905565219\" class=\"gap-element clearfix\" style=\"display:block; height:auto;\">\n\t\t\n<style>\n#gap-905565219 {\n  padding-top: 30px;\n}\n<\/style>\n\t<\/div>\n\t\n<div class=\"row align-center\"  id=\"row-1766046779\">\n\n\t<div id=\"col-1110031026\" class=\"col medium-10 small-12 large-9\"  >\n\t\t\t\t<div class=\"col-inner text-center\"  >\n\t\t\t\n\t\t\t\n<h2><span style=\"font-size: 150%;\">Interveniamo con Rapidit\u00e0<\/span><\/h2>\n<p>Sappiamo quanto sia cruciale mantenere le vostre macchine operative. La nostra priorit\u00e0 \u00e8 intervenire prontamente per risolvere qualsiasi problema tecnico. Ogni minuto conta, e il nostro team \u00e8 pronto a rispondere con tempestivit\u00e0.<\/p>\n\t\t<\/div>\n\t\t\t\t\t<\/div>\n\n\t\n<\/div>\n\t\t<\/div>\n\n\t\t\n<style>\n#section_247576424 {\n  padding-top: 80px;\n  padding-bottom: 80px;\n}\n<\/style>\n\t<\/section>\n\t\n\t<section class=\"section\" id=\"section_1643800634\">\n\t\t<div class=\"bg section-bg fill bg-fill bg-loaded bg-loaded\" >\n\n\t\t\t\n\t\t\t\n\t\t\t\n\n\t\t<\/div>\n\n\t\t\n\n\t\t<div class=\"section-content relative\">\n\t\t\t\n<div class=\"row row-large align-middle align-center\" style=\"max-width:1400px\" id=\"row-45745700\">\n\n\t<div id=\"col-823727940\" class=\"col medium-9 small-12 large-6\"  >\n\t\t\t\t<div class=\"col-inner\"  >\n\t\t\t\n\t\t\t\n\n  <div class=\"banner has-hover\" id=\"banner-1860724310\">\n          <div class=\"banner-inner fill\">\n        <div class=\"banner-bg fill\" >\n            <div class=\"bg fill bg-fill bg-loaded\"><\/div>\n                                    \n                    <\/div>\n\t\t\n        <div class=\"banner-layers container\">\n            <div class=\"fill banner-link\"><\/div>            \n   <div id=\"text-box-1010325088\" class=\"text-box banner-layer x50 md-x50 lg-x50 y50 md-y50 lg-y50 res-text\">\n                                <div class=\"text-box-content text dark\">\n              \n              <div class=\"text-inner text-center\">\n                  \n              <\/div>\n           <\/div>\n                            \n<style>\n#text-box-1010325088 {\n  width: 60%;\n}\n#text-box-1010325088 .text-box-content {\n  font-size: 100%;\n}\n@media (min-width:550px) {\n  #text-box-1010325088 {\n    width: 60%;\n  }\n}\n<\/style>\n    <\/div>\n \n        <\/div>\n      <\/div>\n\n            \n<style>\n#banner-1860724310 {\n  padding-top: 300px;\n}\n#banner-1860724310 .bg.bg-loaded {\n  background-image: url(https:\/\/www.mepalitalia.it\/wp-content\/uploads\/2023\/12\/processo-di-lavorazione-in-fabbrica-di-acciaio.jpg);\n}\n#banner-1860724310 .bg {\n  background-position: 38% 61%;\n}\n@media (min-width:850px) {\n  #banner-1860724310 {\n    padding-top: 70%;\n  }\n}\n<\/style>\n  <\/div>\n\n\n\t\t<\/div>\n\t\t\t\t\t<\/div>\n\n\t\n\n\t<div id=\"col-1238535249\" class=\"col medium-9 small-12 large-6\"  >\n\t\t\t\t<div class=\"col-inner text-left\"  >\n\t\t\t\n\t\t\t\n<h3><span style=\"font-size: 160%;\">Diagnosticare, Agire, Risolvere<\/span><\/h3>\n<p>La nostra metodologia \u00e8 semplice ma efficace. Analizziamo rapidamente la situazione, agiamo con precisione e risolviamo il problema senza indugi. Il vostro tempo \u00e8 prezioso, e il nostro obiettivo \u00e8 restituirvi la piena operativit\u00e0 nel minor tempo possibile.<\/p>\n\t\t<\/div>\n\t\t\t\t\n<style>\n#col-1238535249 > .col-inner {\n  padding: 0px 0px 0px 0px;\n}\n@media (min-width:850px) {\n  #col-1238535249 > .col-inner {\n    padding: 0px 50px 0px 50px;\n  }\n}\n<\/style>\n\t<\/div>\n\n\t\n<\/div>\n<div class=\"row row-large align-middle align-center\" style=\"max-width:1400px\" id=\"row-1131039786\">\n\n\t<div id=\"col-453529250\" class=\"col medium-9 small-12 large-6\"  >\n\t\t\t\t<div class=\"col-inner text-left\"  >\n\t\t\t\n\t\t\t\n<h3><span style=\"font-size: 150%;\">Supporto Continuo<\/span><\/h3>\n<p>La nostra assistenza non si limita all&#8217;intervento urgente. Siamo al vostro fianco con supporto costante, rispondendo alle vostre domande e fornendo consigli per massimizzare le prestazioni delle vostre macchine nel tempo.<\/p>\n\t\t<\/div>\n\t\t\t\t\n<style>\n#col-453529250 > .col-inner {\n  padding: 0px 0px 0px 0px;\n}\n@media (min-width:850px) {\n  #col-453529250 > .col-inner {\n    padding: 0px 50px 0px 50px;\n  }\n}\n<\/style>\n\t<\/div>\n\n\t\n\n\t<div id=\"col-392401385\" class=\"col medium-9 small-12 large-6 medium-col-first\"  >\n\t\t\t\t<div class=\"col-inner\"  >\n\t\t\t\n\t\t\t\n\n  <div class=\"banner has-hover\" id=\"banner-2024037801\">\n          <div class=\"banner-inner fill\">\n        <div class=\"banner-bg fill\" >\n            <div class=\"bg fill bg-fill bg-loaded\"><\/div>\n                                    \n                    <\/div>\n\t\t\n        <div class=\"banner-layers container\">\n            <div class=\"fill banner-link\"><\/div>            \n   <div id=\"text-box-1139966102\" class=\"text-box banner-layer x50 md-x50 lg-x50 y50 md-y50 lg-y50 res-text\">\n                                <div class=\"text-box-content text dark\">\n              \n              <div class=\"text-inner text-center\">\n                  \n              <\/div>\n           <\/div>\n                            \n<style>\n#text-box-1139966102 {\n  width: 60%;\n}\n#text-box-1139966102 .text-box-content {\n  font-size: 100%;\n}\n@media (min-width:550px) {\n  #text-box-1139966102 {\n    width: 60%;\n  }\n}\n<\/style>\n    <\/div>\n \n        <\/div>\n      <\/div>\n\n            \n<style>\n#banner-2024037801 {\n  padding-top: 300px;\n}\n#banner-2024037801 .bg.bg-loaded {\n  background-image: url(https:\/\/www.mepalitalia.it\/wp-content\/uploads\/2023\/11\/1-MADE2011-1920w.webp);\n}\n#banner-2024037801 .bg {\n  background-position: 48% 68%;\n}\n@media (min-width:850px) {\n  #banner-2024037801 {\n    padding-top: 70%;\n  }\n}\n<\/style>\n  <\/div>\n\n\n\t\t<\/div>\n\t\t\t\t\t<\/div>\n\n\t\n<\/div>\n\t<div id=\"gap-1781120134\" class=\"gap-element clearfix\" style=\"display:block; height:auto;\">\n\t\t\n<style>\n#gap-1781120134 {\n  padding-top: 100px;\n}\n<\/style>\n\t<\/div>\n\t\n\t\t<\/div>\n\n\t\t\n<style>\n#section_1643800634 {\n  padding-top: 0px;\n  padding-bottom: 0px;\n}\n<\/style>\n\t<\/section>\n\t\n\t<section class=\"section dark has-parallax\" id=\"section_1279104237\">\n\t\t<div class=\"bg section-bg fill bg-fill bg-loaded\" data-parallax-container=\".section\" data-parallax-background data-parallax=\"-9\">\n\n\t\t\t\n\t\t\t<div class=\"section-bg-overlay absolute fill\"><\/div>\n\t\t\t\n\n\t\t<\/div>\n\n\t\t\n\n\t\t<div class=\"section-content relative\">\n\t\t\t\n\t<div id=\"gap-2007927688\" class=\"gap-element clearfix\" style=\"display:block; height:auto;\">\n\t\t\n<style>\n#gap-2007927688 {\n  padding-top: 30px;\n}\n<\/style>\n\t<\/div>\n\t\n<div class=\"row align-center\"  id=\"row-1878652028\">\n\n\t<div id=\"col-105502746\" class=\"col medium-10 small-12 large-9\"  >\n\t\t\t\t<div class=\"col-inner text-center\"  >\n\t\t\t\n\t\t\t\n<h2><span style=\"font-size: 140%;\">Garanzia di Soddisfazione<\/span><\/h2>\n<p class=\"lead\">La vostra tranquillit\u00e0 \u00e8 fondamentale. <br \/>Offriamo una garanzia di soddisfazione completa. <br \/>Se non siete totalmente soddisfatti del nostro servizio, ci impegniamo a lavorare insieme fino a risolvere ogni vostra preoccupazione.<\/p>\n\t\t<\/div>\n\t\t\t\t\t<\/div>\n\n\t\n<\/div>\n\t\t<\/div>\n\n\t\t\n<style>\n#section_1279104237 {\n  padding-top: 30px;\n  padding-bottom: 30px;\n  min-height: 300px;\n}\n#section_1279104237 .section-bg-overlay {\n  background-color: rgba(0, 0, 0, 0.15);\n}\n#section_1279104237 .section-bg.bg-loaded {\n  background-image: url(https:\/\/www.mepalitalia.it\/wp-content\/uploads\/2023\/11\/10-VETECO2016-1920w.webp);\n}\n#section_1279104237 .section-bg {\n  background-position: 73% 44%;\n}\n@media (min-width:550px) {\n  #section_1279104237 {\n    min-height: 400px;\n  }\n  #section_1279104237 .section-bg-overlay {\n    background-color: rgba(0, 0, 0, 0.09);\n  }\n}\n@media (min-width:850px) {\n  #section_1279104237 .section-bg-overlay {\n    background-color: rgba(0, 0, 0, 0.331);\n  }\n}\n<\/style>\n\t<\/section>\n\t\n<span class=\"scroll-to\" data-label=\"Scroll to: #form\" data-bullet=\"false\" data-link=\"#form\" data-title=\"form\" ><a name=\"form\"><\/a><\/span>","protected":false},"excerpt":{"rendered":"","protected":false},"author":1,"featured_media":0,"parent":0,"menu_order":0,"comment_status":"closed","ping_status":"closed","template":"page-blank.php","meta":{"content-type":"","footnotes":""},"class_list":["post-707","page","type-page","status-publish","hentry"],"_links":{"self":[{"href":"https:\/\/www.mepalitalia.it\/en\/wp-json\/wp\/v2\/pages\/707","targetHints":{"allow":["GET"]}}],"collection":[{"href":"https:\/\/www.mepalitalia.it\/en\/wp-json\/wp\/v2\/pages"}],"about":[{"href":"https:\/\/www.mepalitalia.it\/en\/wp-json\/wp\/v2\/types\/page"}],"author":[{"embeddable":true,"href":"https:\/\/www.mepalitalia.it\/en\/wp-json\/wp\/v2\/users\/1"}],"replies":[{"embeddable":true,"href":"https:\/\/www.mepalitalia.it\/en\/wp-json\/wp\/v2\/comments?post=707"}],"version-history":[{"count":23,"href":"https:\/\/www.mepalitalia.it\/en\/wp-json\/wp\/v2\/pages\/707\/revisions"}],"predecessor-version":[{"id":991,"href":"https:\/\/www.mepalitalia.it\/en\/wp-json\/wp\/v2\/pages\/707\/revisions\/991"}],"wp:attachment":[{"href":"https:\/\/www.mepalitalia.it\/en\/wp-json\/wp\/v2\/media?parent=707"}],"curies":[{"name":"wp","href":"https:\/\/api.w.org\/{rel}","templated":true}]}}