{"id":3,"date":"2023-11-08T22:43:24","date_gmt":"2023-11-08T22:43:24","guid":{"rendered":"http:\/\/www.cromastudio.org\/mepalitalia.it\/?page_id=3"},"modified":"2024-04-08T15:43:12","modified_gmt":"2024-04-08T13:43:12","slug":"privacy-policy-2","status":"publish","type":"page","link":"https:\/\/www.mepalitalia.it\/en\/privacy-policy-2\/","title":{"rendered":"Privacy Policy"},"content":{"rendered":"<h3><strong>PRIVACY POLICY<\/strong><\/h3>\n<ol>\n<li><strong>CHI TRATTA I TUOI DATI?<\/strong><\/li>\n<\/ol>\n<p>Titolare del Trattamento<\/p>\n<p>Sede legale: Viale dei Papaveri, 13, Corato 70033 in persona del suo legale rappresentate e P.I.: 6972990722.<\/p>\n<p>Responsabile per la protezione dei dati personali<\/p>\n<p>Abbiamo nominato un responsabile per la protezione dei dati personali ai sensi dell\u2019art. 37 del Regolamento generale sulla protezione dei dati n. 2016\/679 (\u201cGDPR\u201d). Ti ricordiamo che puoi in qualsiasi momento contattarci ed inviare qualsiasi domanda o richiesta relativa ai tuoi dati personali ed al rispetto della tua privacy scrivendo al seguente indirizzo mail info@mepalitalia.it<\/p>\n<p>Altri soggetti<\/p>\n<p>I tuoi dati personali potranno essere portati a conoscenza dei nostri dipendenti o collaboratori, appartenenti alle categorie degli addetti amministrativi, commerciali, legali, contabili o degli amministratori di sistemi informatici, a seconda del trattamento, i quali, operando sotto la nostra diretta autorit\u00e0, sono nominati responsabili del trattamento e ricevono al riguardo adeguate istruzioni operative.<br \/>\nTra i soggetti destinatari dei tuoi dati vi rientrano anche i fornitori di servizi terzi relativi ai pagamenti, alle spedizioni, ai servizi di marketing, fornitori di servizi di ingegneria dei sistemi informativi, con i quali stipuliamo accordi che impongono agli stessi di adottare idonee misure tecniche e organizzative per la tutela dei tuoi dati personali. I tuoi dati potranno essere trasmessi altres\u00ec alle forze di polizia e alle autorit\u00e0 giudiziarie e amministrative in conformit\u00e0 alla legge.<\/p>\n<p>Possiamo anche trasferire i tuoi dati personali nel caso di vendita o di trasferimento in tutto o in parte della nostra attivit\u00e0 o dei nostri beni (anche in caso di riorganizzazione, scorporo, scioglimento o liquidazione).<\/p>\n<p><strong>In nessun caso, cediamo o vendiamo i tuoi dati personali.<\/strong><\/p>\n<p>I tuoi dati personali potrebbero essere trasferiti al di fuori dell\u2019Unione Europea per essere trattati da alcuni dei nostri fornitori di servizi. In questo caso, ci assicuriamo che questo trasferimento avvenga nel rispetto della legislazione vigente e che sia garantito un livello adeguato di protezione dei dati personali in conformit\u00e0 a quanto previsto nella presente Privacy Policy, basandoci su una decisione di adeguatezza, su clausole standard definite dalla Commissione Europea o su Binding Corporate Rules. Nel caso in cui i tuoi dati personali vengano trasferiti a terzi fornitori stabiliti negli Stati Uniti, i dati possono essere loro trasferiti se gli stessi abbiano presentato un\u2019autocertificazione ai sensi dello schema Privacy Shield (c.d. \u201cScudo per la Privacy\u201d) in relazione al tipo di dati da trasferire, che richiede loro di fornire una protezione simile ai dati personali condivisi tra l\u2019UE e gli Stati Uniti.<\/p>\n<ol start=\"2\">\n<li><strong>QUALI TIPI DI DATI RACCOGLIAMO?<\/strong><\/li>\n<\/ol>\n<p>Per dati personali si intendono tutte le informazioni relative all\u2019utente che ci consentono di identificarlo, come il nome, i recapiti, i dettagli di pagamento e le informazioni sul suo accesso al Sito. Quando ti iscrivi al nostro Sito, crei un account, utilizzi i nostri servizi o contatti il nostro servizio di assistenza, raccogliamo alcuni tuoi dati personali. Alcuni dei predetti dati ci vengono forniti volontariamente dall\u2019utente stesso mentre altri li raccogliamo automaticamente.<\/p>\n<p><strong>Dati forniti volontariamente dall\u2019utente<\/strong><\/p>\n<p>Il Sito offre agli utenti la possibilit\u00e0 di fornire volontariamente informazioni personali attraverso, per esempio, la creazione di un account, l\u2019acquisto di prodotti attraverso il nostro Sito, l\u2019inserimento di una recensione o commento, la compilazione del servizio di reso, la compilazione del forum di contatto ovvero l\u2019utilizzo del servizio di messaggistica e chat con il nostro servizio clienti o quanto ci contatti per lasciarci i tuoi commenti o opinioni. Nel caso in cui dovessi contattarci per telefono, registriamo la chiamata a fini di formazione e miglioramento dei nostri servizi e prediamo note in relazione alla tua chiamata. Ti ricordiamo che ti puoi iscrivere al Sito e creare un account anche utilizzando un account di un social network, come ad esempio un account di Facebook. Nel caso in cui ti iscrivessi attraverso tale modalit\u00e0 rilasciando le autorizzazioni richieste in sede di registrazione, riceveremo le informazioni del tuo account di social network, quali ad esempio nome e cognome, posizione, dati anagrafici di base.<\/p>\n<p><strong>Dati sensibili<\/strong><\/p>\n<p>Non trattiamo dati sensibili, ovvero dettagli sulla saluta fisica o sulla salute mentale, sulla presunta commissione di reati o condanni penali, tuttavia, nel caso in cui spontaneamente dovessi condividere con noi alcuna di tali informazioni, tratteremo tali dati solamente previo tuo consenso esplicito.<\/p>\n<p><strong>Dati di terzi<\/strong><\/p>\n<p>Qualora decidi di fornire dati di terzi assicurati che questi soggetti siano stati preventivamente e adeguatamente informati sulle modalit\u00e0 e le finalit\u00e0 di trattamento qui indicate. In relazione a tale ipotesi, ti poni come autonomo titolare del trattamento, assumendoti tutti gli obblighi e le responsabilit\u00e0 di legge.<\/p>\n<p><strong>Dati di minori di anni 16<\/strong><\/p>\n<p>A tal riguardo ti ricordiamo che se hai meno di 16 anni non puoi fornirci alcun dato personale, ed in ogni caso non ci assumiamo alcuna responsabilit\u00e0 di eventuali dichiarazioni mendaci da te fornite. Qualora ci accorgessimo dell\u2019esistenza di dichiarazioni non veritiere procederemo con la cancellazione immediata di ogni dato personale acquisito.<\/p>\n<p><strong>Dati di navigazione<\/strong><\/p>\n<p>Raccogliamo i seguenti dati mediante i servizi che utilizzi:<\/p>\n<ul>\n<li><strong>dati tecnici:<\/strong>In questa categoria di dati rientrano gli indirizzi IP o i nomi a dominio dei computer che utilizzi quando ti connetti al Sito, gli indirizzi in notazione URI (Uniform Resource Identifier) delle risorse richieste, l\u2019orario della richiesta, il metodo utilizzato nel sottoporre la richiesta al server, la dimensione del file ottenuto in risposta, il codice numerico indicante lo stato della risposta data dal server (buon fine, errore, ecc.) ed altri parametri relativi al tuo sistema operativo ed all\u2019ambiente informatico. Questi dati vengono utilizzati solo per informazioni di tipo statistico (quindi sono anonimi), per controllare il corretto funzionamento del Sito e vengono cancellati subito dopo l\u2019elaborazione. I dati potrebbero essere utilizzati per l\u2019accertamento di responsabilit\u00e0 in caso di ipotetici reati informatici ai danni del sito: salva questa eventualit\u00e0, i dati sui contatti web non persistono per pi\u00f9 di 7 giorni.<\/li>\n<li>dati raccolti utilizzando i\u00a0<strong>cookie <\/strong>o tecnologie similari: per ulteriori informazioni, ti invitiamo a visitare la sezione Cookie.<\/li>\n<\/ul>\n<ol start=\"3\">\n<li><strong>PER QUALI FINALIT\u00c0 TRATTIAMO I TUOI DATI?<\/strong><\/li>\n<li>a) Per garantirti l\u2019accesso al nostro Sito e la fruizione dei nostri servizi<\/li>\n<\/ol>\n<p>Quando utilizzi il nostro Sito e i relativi servizi, utilizzeremo i tuoi dati personali per consentirti di registrarti sul Sito e creare un account personale, per verificare la tua identit\u00e0 quale utente del Sito, per consentirti di acquistare\/vendere prodotti e, se del caso, rendere i prodotti acquistati, per fornirti il servizio di assistenza clienti e per risolvere eventuali problematiche da te segnalate, per inviarti comunicazioni necessarie (quali ad esempio confermare l\u2019ordine di acquisto ovvero confermare il buon fine del pagamento o ricordarti prodotti sul tuo carrello) nonch\u00e9 per fornirti tutti gli ulteriori servizi.<\/p>\n<ol>\n<li>b) Per informati riguardo ai prodotti, servizi, eventi e per altri fini promozionali<\/li>\n<\/ol>\n<p><strong>Qualora tu ci abbia espressamente fornito il tuo consenso<\/strong>\u00a0o qualora avessimo un legittimo interesse (ai sensi della normativa applicabile), utilizzeremo i tuoi dati per aggiornarti riguardo a prodotti e servizi da noi offerti nonch\u00e9 per informati su attivit\u00e0 promozionali, commerciali e pubblicitarie della Societ\u00e0 o di terzi partner commerciali tramite posta elettronica, invio SMS o whatsapp; solamente se sei un professionista potremmo avvisarti di tali promozioni ed eventi per telefonata tramite operatore ovvero servizio di customer care consistente nell\u2019offerta di servizi dedicati in sede di vendita e post vendita. Inoltre,\u00a0<strong>sempre previo tuo consenso<\/strong>\u00a0o qualora avessimo un legittimo interesse (ai sensi della normativa applicabile), potremo utilizzare i tuoi dati nell\u2019ambito dello svolgimento di ricerche di mercato e indagini per la rilevazione della tua soddisfazione, tramite posta elettronica, invio SMS o whatsapp, allo scopo di migliorare i nostri servizi e il rapporto con i nostri utenti<\/p>\n<ol>\n<li>c) Per offrirti un servizio personalizzato<\/li>\n<\/ol>\n<p><strong>Qualora tu ci abbia espressamente fornito il tuo consenso<\/strong>, utilizziamo i tuoi dati per analizzare le tue abitudini e scelte di consumo, al fine di proporti un servizio personalizzato e in linea con i tuoi interessi e per migliorare la nostra offerta commerciale.<\/p>\n<ol>\n<li>d) Per migliorare i servizi che offriamo attraverso il Sito<\/li>\n<\/ol>\n<p>Utilizzeremo i dati forniti per migliorare i servizi che offriamo attraverso il Sito e la tua esperienza di acquisto\/vendita prodotti. In particolare, potremo analizzare l\u2019utilizzo e misurare l\u2019efficacia del nostro Sito e dei nostri servizi per una migliore comprensione di come viene utilizzato al fine di migliorarlo nonch\u00e9 coinvolgere e fidelizzare gli utenti.<\/p>\n<ol>\n<li>e) Per garantire i nostri diritti, la propriet\u00e0 o la sicurezza dei dati<\/li>\n<\/ol>\n<p>Potremmo anche utilizzare i dati personali in relazione all\u2019utilizzo del nostro Sito per prevenire o rilevare frodi, abusi, uso illegale, violazioni delle nostre Condizioni Generali, e per conformarci a ordini dei tribunali, a richieste governative o adempiere a previsioni di legge applicabili.<\/p>\n<ol start=\"4\">\n<li>QUAL \u00c8 LA BASE GIURIDICA DEL TRATTAMENTO?<\/li>\n<\/ol>\n<p>Tratteremo i tuoi dati personali solamente nei casi in cui abbiamo una base giuridica per farlo.<\/p>\n<p>Nella maggior parte dei casi tratteremo i tuoi dati per garantirti l\u2019accesso al Sito e ai servizi ivi offerti. In aggiunta, potremmo trattare i tuoi dati per uno o pi\u00f9 dei seguenti motivi:<\/p>\n<p>Previo tuo esplicito consenso (ad esempio per informarti riguardo ai nostri prodotti, servizi, eventi e per altri fini promozionali, nonch\u00e9 per offrirti un servizio personalizzati)<\/p>\n<p>Per garantire il rispetto degli obblighi di legge, regolamenti e norme comunitarie (ad esempio per conformarci a ordini dei tribunali, a richieste governative o adempiere a previsioni di legge applicabili)<\/p>\n<p>Per un nostro interesse legittimo (ad esempio per migliorare i servizi che offriamo attraverso il Sito ovvero per garantire la propriet\u00e0 e la sicurezza dei dati che trattiamo).<\/p>\n<ol start=\"5\">\n<li><strong>IL CONFERIMENTO DEI DATI \u00c8 OBBLIGATORIO?<\/strong><\/li>\n<\/ol>\n<p>Il conferimento dei dati personali \u00e8 obbligatorio esclusivamente per i trattamenti necessari a garantirti l\u2019accesso al nostro Sito e ai servizi che offriamo per il tramite dello stesso. L\u2019eventuale rifiuto al conferimento dei dati personali richiesti per tale finalit\u00e0 rende impossibile la registrazione al Sito e l\u2019utilizzo dei relativi servizi. Tutte le altre disposizioni delle tue informazioni sono facoltative ma il conferimento delle stesse ci consente di offrirti un\u2019esperienza migliore.<\/p>\n<ol start=\"6\">\n<li><strong>CON QUALI MODALIT\u00c0 TRATTIAMO I TUOI DATI E PER QUANTO TEMPO?<\/strong><\/li>\n<\/ol>\n<p>La conservazione dei dati personali avverr\u00e0 in forma cartacea e\/o elettronica e per il tempo strettamente necessario al perseguimento della finalit\u00e0 di cui al precedente punto 3 (\u201cPer quali finalit\u00e0 trattiamo i tuoi dati?\u201d).<\/p>\n<p>In particolare, quando ti registri al Sito e crei un account, elaboriamo e conserviamo la maggior parte delle tue informazioni in nostro possesso per tutto il tempo in cui usi attivamente i servizi che offriamo attraverso il Sito. A seguito della chiusura del tuo account, conserveremo le tue informazioni personali per un periodo massimo di 24 mesi dalla data di cancellazione dell\u2019account per finalit\u00e0 di difesa e\/o per valere un nostro diritto in sede giudiziale e\/o stragiudiziale in caso di controversie legale all\u2019esecuzione dei nostri servizi; le tue ulteriori informazioni personali relative alle transazioni operate per il tramite del Sito sono conservate per 10 anni ai sensi di legge (ivi compresi gli obblighi fiscali).<\/p>\n<p>Per finalit\u00e0 di marketing diretto e profilazione, conserviamo i tuoi dati per un periodo massimo pari a quello previsto dalla normativa applicabile, rispettivamente pari a 24 e 12 mesi dall\u2019ultima interazione, di qualunque genere da parte tua con il Sito.<\/p>\n<p>Per finalit\u00e0 di analisi dirette al miglioramento del servizio, i dati personali dell\u2019utente saranno soggette ad un periodo massimo di conservazione di 24 mesi dalla data della loro registrazione.<\/p>\n<p>Alla scadenza del periodo massimo di conservazione i dati personali secondo quanto previsto alla presente sezione provvederemo a cancellare i tuoi dati automaticamente ovvero ad anonimizzarli in modo permanente ed irreversibile.<\/p>\n<p>Ti ricordiamo che nel caso in cui non eserciti alcuna azione attiva (quali, utilizzo dei servizi offerti dal Sito, navigazione, ricerche e\/o oltre ogni altra modalit\u00e0 di utilizzo del Sito) per un periodo continuativo di 36 mesi, verrai classificato come utente inattivo e, previa comunicazione scritta avente ad oggetto la disattivazione del tuo account, procederemo a conservare i tuoi dati personali per il periodo massimo di conservazione ivi previsto.<\/p>\n<ol start=\"7\">\n<li><strong>COME PUOI ESERCITARE I TUOI DIRITTI?<\/strong><\/li>\n<\/ol>\n<p>Coerentemente con quanto previsto dal GDPR, hai il diritto di richiederci, in qualunque momento, l\u2019accesso ai tuoi dati personali, la rettifica o la cancellazione degli stessi, di opporti al loro trattamento o di esercitare il diritto alla portabilit\u00e0. La normativa applicabile in materia di protezione dei dati personali ti consente altres\u00ec di esercitare il diritto di richiedere la limitazione del trattamento nei casi previsti dall\u2019art. 18 del GDPR, nonch\u00e9 di ottenere in un formato strutturato, di uso comune e leggibile da dispositivo automatico i dati che ti riguardano, nei casi previsti dall\u2019art. 20 del GDPR.<\/p>\n<p>Le richieste possono essere rivolte all\u2019indirizzo di posta elettronica\u00a0<strong>info@mepalitalia.it\u00a0<\/strong>In particolare, nel caso volessi autorizzare le attivit\u00e0 di cui alle lettere b) (Finalit\u00e0 di marketing) al precedente punto 3 (\u201cPer quali finalit\u00e0 trattiamo i tuoi dati?\u201d) e successivamente non desiderassi ricevere ulteriori nostri comunicazioni o volessi limitare le modalit\u00e0 con cui essere contattato, potrai in qualsiasi momento interrompere queste comunicazioni anche semplicemente cliccando sull\u2019apposito link \u201cunsubscribe\u201d presente in calce a ciascuna comunicazione.<\/p>\n<p>Da ultimo, ti ricordiamo che hai sempre diritto di proporre reclamo all\u2019autorit\u00e0 di controllo competente (Garante per la Protezione dei Dati Personali), ai sensi dell\u2019art. 77 del GDPR, qualora ritenessi che il trattamento dei tuoi dati sia contrario alla normativa in vigore.<\/p>\n<ol start=\"8\">\n<li><strong>COME GARANTIAMO LA PROTEZIONE DEI TUOI DATI?<\/strong><\/li>\n<\/ol>\n<p>I tuoi dati personali sono trattati dai soggetti indicati al precedente punto 1 (\u201cChi tratta i tuoi dati?\u201d), in conformit\u00e0 con quanto previsto dalla normativa vigente. In particolare, per garantire la sicurezza dei tuoi dati tenendo conto dello stato dell\u2019arte e dei costi di attuazione, nonch\u00e9 della natura, dell\u2019oggetto, del contesto e delle finalit\u00e0 del trattamento, come anche del rischio di varia probabilit\u00e0 e gravit\u00e0 per i diritti e le libert\u00e0 delle persone fisiche, abbiamo adottato misure tecniche e organizzative adeguate per garantire un livello di sicurezza adeguato al rischio.<\/p>\n<ol start=\"9\">\n<li><strong>QUANDO \u00c8 STATA AGGIORNATA QUESTA INFORMATIVA?<\/strong><\/li>\n<\/ol>\n<p>La presente informativa \u00e8 stata pubblicata nella data indicata nell\u2019intestazione e potr\u00e0 subire modifiche nel tempo anche connesse all\u2019eventuale entrata in vigore di nuove normative di1 settore, all\u2019aggiornamento o erogazione di nuovi servizi ovvero ad intervenute innovazioni tecnologiche. In tal caso i contitolari ti avviseranno dandoti evidenza di tali aggiornamenti.<\/p>\n<ul>\n<li><strong>ULTERIORI INFORMAZIONI<\/strong><\/li>\n<\/ul>\n<p><strong>(A) Candidature<\/strong><\/p>\n<p>Qualora sul nostro Sito sia attiva la pagina \u201cLavora con noi\u201d, potrai consultare le nostre eventuali posizioni professionali aperte ovvero e inviare una tua candidatura spontanea.<\/p>\n<p>I curricula ricevuti, a seguito della comunicazione tramite il Sito di nostre posizioni professionali aperte o qualora decidessi autonomamente di inviarci il tuo curriculum, saranno conservati per un periodo massimo di 6 mesi dalla data di ricezione al solo fine di valutare la tua candidatura ovvero per rivalutati per successive ricerche per posizioni professionali compatibili con il tuo profilo purch\u00e9 attivate durante il periodo di conservazione massimo dei tuoi dati. In qualsiasi momento potrai opporti al trattamento dei tuoi dati personali scrivendo a\u00a0<strong>info@mepalitalia.it<\/strong>.<\/p>\n<p>Se ti candidi, ricorda di inserire all\u2019interno del tuo curriculum vitae la dichiarazione con cui acconsenti al trattamento dei dati personali per la finalit\u00e0 di selezione ed evita di inserire dati personali sensibili (come lo stato di salute, le convinzioni religiose, filosofiche o politiche) non pertinenti all\u2019offerta di lavoro.<\/p>\n<p><strong>(b) Link di terze parti<\/strong><\/p>\n<p>La presente Privacy Policy si riferisce esclusivamente al Sito. Laddove il Sito contengano collegamenti a siti web di terze parti, ti ricordiamo che rispetto agli stessi noi non esercitiamo alcuna forma di controllo e non siamo in alcun modo responsabili. Ti invitiamo pertanto a leggere la rispettiva informativa privacy presente nei siti delle terze parti a cui accedi.<\/p>\n<ol start=\"11\">\n<li><strong>HAI ULTERIORI DOMANDE?<\/strong><\/li>\n<\/ol>\n<p>Accogliamo con favore domande, commenti e dubbi sulla nostra politica sulla privacy e sulle nostre privacy practices.<\/p>\n<p>Se desideri fornire un feedback o se hai domande o dubbi ti invitiamo a contattare il nostro DPO ovvero a mandare una mail all\u2019indirizzo\u00a0<strong>info@mepalitalia.it<\/strong><\/p>","protected":false},"excerpt":{"rendered":"<p>PRIVACY POLICY CHI TRATTA I TUOI DATI? Titolare del Trattamento Sede legale: Viale dei Papaveri, 13, Corato 70033 in persona del suo legale rappresentate e P.I.: 6972990722. Responsabile per la protezione dei dati personali Abbiamo nominato un responsabile per la protezione dei dati personali ai sensi dell\u2019art. 37 del Regolamento generale sulla protezione dei dati [&#8230;]\n","protected":false},"author":1,"featured_media":0,"parent":0,"menu_order":0,"comment_status":"closed","ping_status":"closed","template":"","meta":{"content-type":"","footnotes":""},"class_list":["post-3","page","type-page","status-publish","hentry"],"_links":{"self":[{"href":"https:\/\/www.mepalitalia.it\/en\/wp-json\/wp\/v2\/pages\/3","targetHints":{"allow":["GET"]}}],"collection":[{"href":"https:\/\/www.mepalitalia.it\/en\/wp-json\/wp\/v2\/pages"}],"about":[{"href":"https:\/\/www.mepalitalia.it\/en\/wp-json\/wp\/v2\/types\/page"}],"author":[{"embeddable":true,"href":"https:\/\/www.mepalitalia.it\/en\/wp-json\/wp\/v2\/users\/1"}],"replies":[{"embeddable":true,"href":"https:\/\/www.mepalitalia.it\/en\/wp-json\/wp\/v2\/comments?post=3"}],"version-history":[{"count":2,"href":"https:\/\/www.mepalitalia.it\/en\/wp-json\/wp\/v2\/pages\/3\/revisions"}],"predecessor-version":[{"id":908,"href":"https:\/\/www.mepalitalia.it\/en\/wp-json\/wp\/v2\/pages\/3\/revisions\/908"}],"wp:attachment":[{"href":"https:\/\/www.mepalitalia.it\/en\/wp-json\/wp\/v2\/media?parent=3"}],"curies":[{"name":"wp","href":"https:\/\/api.w.org\/{rel}","templated":true}]}}